{"id":198,"date":"2023-01-06T14:09:55","date_gmt":"2023-01-06T13:09:55","guid":{"rendered":"https:\/\/habitationdesrosiers.ms.decms.eu\/accueil\/"},"modified":"2024-09-24T13:59:05","modified_gmt":"2024-09-24T11:59:05","slug":"accueil","status":"publish","type":"page","link":"http:\/\/www.habitationdesrosiers.com\/de\/","title":{"rendered":"Home"},"content":{"rendered":"<p style=\"text-align: center;\">Genie\u00dfen Sie eine Oase der Ruhe mit Blick auf eine der sch\u00f6nsten Buchten der Welt.<\/p>\n<p style=\"text-align: center;\">Das Habitation Desrosiers bietet Ihnen einen herrlichen Blick auf das Karibische Meer in einer ruhigen und blumenreichen Umgebung, nur unterbrochen vom Kommen und Gehen der Kolibris, die das Anwesen zu ihrer Heimst\u00e4tte gemacht haben.<\/p>\n<p style=\"text-align: center;\">In der Gemeinde Trois-Ilets, etwas oberhalb des Strandes Anse \u00e0 l&#8217;\u00c2ne gelegen, k\u00f6nnen Sie zu Fu\u00df drei verschiedene Buchten entdecken.<\/p>\n<p style=\"text-align: center;\">Mit dem Auto sind Sie nur wenige Minuten von vielen Str\u00e4nden entfernt, die abwechslungsreiche Kulissen und Aktivit\u00e4ten bieten.<\/p>\n<p style=\"text-align: center;\">Mit unseren gut motorisierten Fahrzeugen k\u00f6nnen Sie au\u00dferdem problemlos die gesamte Insel durchqueren und die versteckten Freuden des Nordens mit seinem Regenwald und Vulkan, die Str\u00e4nde des<\/p>\n<p style=\"text-align: center;\">S\u00fcdens entdecken und durch zauberhafte Landschaften wandern.<\/p>\n","protected":false},"excerpt":{"rendered":"<p>Genie\u00dfen Sie eine Oase der Ruhe mit Blick auf eine der sch\u00f6nsten Buchten der Welt. Das Habitation Desrosiers bietet Ihnen einen herrlichen Blick auf das Karibische Meer in einer ruhigen und blumenreichen Umgebung, nur unterbrochen vom Kommen und Gehen der Kolibris, die das Anwesen zu ihrer Heimst\u00e4tte gemacht haben. In der Gemeinde Trois-Ilets, etwas oberhalb [&hellip;]<\/p>\n","protected":false},"author":531,"featured_media":0,"parent":0,"menu_order":0,"comment_status":"closed","ping_status":"closed","template":"","meta":{"footnotes":""},"class_list":["post-198","page","type-page","status-publish","hentry"],"yoast_head":"<!-- This site is optimized with the Yoast SEO plugin v26.9 - https:\/\/yoast.com\/product\/yoast-seo-wordpress\/ -->\n<title>Home - Habitation Desrosiers<\/title>\n<meta name=\"description\" content=\"Genie\u00dfen Sie eine Oase der Ruhe mit Blick auf eine der sch\u00f6nsten Buchten der Welt. Das Habitation Desrosiers bietet Ihnen einen herrlichen Blick auf das\" \/>\n<meta name=\"robots\" content=\"index, follow, max-snippet:-1, max-image-preview:large, max-video-preview:-1\" \/>\n<link rel=\"canonical\" href=\"http:\/\/www.habitationdesrosiers.com\/de\/\" \/>\n<meta property=\"og:locale\" content=\"de_DE\" \/>\n<meta property=\"og:type\" content=\"article\" \/>\n<meta property=\"og:title\" content=\"Home - Habitation Desrosiers\" \/>\n<meta property=\"og:description\" content=\"Genie\u00dfen Sie eine Oase der Ruhe mit Blick auf eine der sch\u00f6nsten Buchten der Welt. Das Habitation Desrosiers bietet Ihnen einen herrlichen Blick auf das\" \/>\n<meta property=\"og:url\" content=\"http:\/\/www.habitationdesrosiers.com\/de\/\" \/>\n<meta property=\"og:site_name\" content=\"Habitation Desrosiers\" \/>\n<meta property=\"article:modified_time\" content=\"2024-09-24T11:59:05+00:00\" \/>\n<meta name=\"twitter:card\" content=\"summary_large_image\" \/>\n<meta name=\"twitter:label1\" content=\"Gesch\u00e4tzte Lesezeit\" \/>\n\t<meta name=\"twitter:data1\" content=\"1 Minute\" \/>\n<script type=\"application\/ld+json\" class=\"yoast-schema-graph\">{\"@context\":\"https:\/\/schema.org\",\"@graph\":[{\"@type\":\"WebPage\",\"@id\":\"http:\/\/www.habitationdesrosiers.com\/de\/\",\"url\":\"http:\/\/www.habitationdesrosiers.com\/de\/\",\"name\":\"Home - Habitation Desrosiers\",\"isPartOf\":{\"@id\":\"https:\/\/www.habitationdesrosiers.com\/de\/#website\"},\"datePublished\":\"2023-01-06T13:09:55+00:00\",\"dateModified\":\"2024-09-24T11:59:05+00:00\",\"description\":\"Genie\u00dfen Sie eine Oase der Ruhe mit Blick auf eine der sch\u00f6nsten Buchten der Welt. Das Habitation Desrosiers bietet Ihnen einen herrlichen Blick auf das\",\"breadcrumb\":{\"@id\":\"http:\/\/www.habitationdesrosiers.com\/de\/#breadcrumb\"},\"inLanguage\":\"de-DE\",\"potentialAction\":[{\"@type\":\"ReadAction\",\"target\":[\"http:\/\/www.habitationdesrosiers.com\/de\/\"]}]},{\"@type\":\"BreadcrumbList\",\"@id\":\"http:\/\/www.habitationdesrosiers.com\/de\/#breadcrumb\",\"itemListElement\":[{\"@type\":\"ListItem\",\"position\":1,\"name\":\"Accueil\",\"item\":\"https:\/\/www.habitationdesrosiers.com\/de\/\"},{\"@type\":\"ListItem\",\"position\":2,\"name\":\"Home\"}]},{\"@type\":\"WebSite\",\"@id\":\"https:\/\/www.habitationdesrosiers.com\/de\/#website\",\"url\":\"https:\/\/www.habitationdesrosiers.com\/de\/\",\"name\":\"Habitation Desrosiers\",\"description\":\"\",\"potentialAction\":[{\"@type\":\"SearchAction\",\"target\":{\"@type\":\"EntryPoint\",\"urlTemplate\":\"https:\/\/www.habitationdesrosiers.com\/de\/?s={search_term_string}\"},\"query-input\":{\"@type\":\"PropertyValueSpecification\",\"valueRequired\":true,\"valueName\":\"search_term_string\"}}],\"inLanguage\":\"de-DE\"}]}<\/script>\n<!-- \/ Yoast SEO plugin. -->","yoast_head_json":{"title":"Home - Habitation Desrosiers","description":"Genie\u00dfen Sie eine Oase der Ruhe mit Blick auf eine der sch\u00f6nsten Buchten der Welt. Das Habitation Desrosiers bietet Ihnen einen herrlichen Blick auf das","robots":{"index":"index","follow":"follow","max-snippet":"max-snippet:-1","max-image-preview":"max-image-preview:large","max-video-preview":"max-video-preview:-1"},"canonical":"http:\/\/www.habitationdesrosiers.com\/de\/","og_locale":"de_DE","og_type":"article","og_title":"Home - Habitation Desrosiers","og_description":"Genie\u00dfen Sie eine Oase der Ruhe mit Blick auf eine der sch\u00f6nsten Buchten der Welt. Das Habitation Desrosiers bietet Ihnen einen herrlichen Blick auf das","og_url":"http:\/\/www.habitationdesrosiers.com\/de\/","og_site_name":"Habitation Desrosiers","article_modified_time":"2024-09-24T11:59:05+00:00","twitter_card":"summary_large_image","twitter_misc":{"Gesch\u00e4tzte Lesezeit":"1 Minute"},"schema":{"@context":"https:\/\/schema.org","@graph":[{"@type":"WebPage","@id":"http:\/\/www.habitationdesrosiers.com\/de\/","url":"http:\/\/www.habitationdesrosiers.com\/de\/","name":"Home - Habitation Desrosiers","isPartOf":{"@id":"https:\/\/www.habitationdesrosiers.com\/de\/#website"},"datePublished":"2023-01-06T13:09:55+00:00","dateModified":"2024-09-24T11:59:05+00:00","description":"Genie\u00dfen Sie eine Oase der Ruhe mit Blick auf eine der sch\u00f6nsten Buchten der Welt. Das Habitation Desrosiers bietet Ihnen einen herrlichen Blick auf das","breadcrumb":{"@id":"http:\/\/www.habitationdesrosiers.com\/de\/#breadcrumb"},"inLanguage":"de-DE","potentialAction":[{"@type":"ReadAction","target":["http:\/\/www.habitationdesrosiers.com\/de\/"]}]},{"@type":"BreadcrumbList","@id":"http:\/\/www.habitationdesrosiers.com\/de\/#breadcrumb","itemListElement":[{"@type":"ListItem","position":1,"name":"Accueil","item":"https:\/\/www.habitationdesrosiers.com\/de\/"},{"@type":"ListItem","position":2,"name":"Home"}]},{"@type":"WebSite","@id":"https:\/\/www.habitationdesrosiers.com\/de\/#website","url":"https:\/\/www.habitationdesrosiers.com\/de\/","name":"Habitation Desrosiers","description":"","potentialAction":[{"@type":"SearchAction","target":{"@type":"EntryPoint","urlTemplate":"https:\/\/www.habitationdesrosiers.com\/de\/?s={search_term_string}"},"query-input":{"@type":"PropertyValueSpecification","valueRequired":true,"valueName":"search_term_string"}}],"inLanguage":"de-DE"}]}},"acf":[],"_links":{"self":[{"href":"http:\/\/www.habitationdesrosiers.com\/de\/wp-json\/wp\/v2\/pages\/198","targetHints":{"allow":["GET"]}}],"collection":[{"href":"http:\/\/www.habitationdesrosiers.com\/de\/wp-json\/wp\/v2\/pages"}],"about":[{"href":"http:\/\/www.habitationdesrosiers.com\/de\/wp-json\/wp\/v2\/types\/page"}],"author":[{"embeddable":true,"href":"http:\/\/www.habitationdesrosiers.com\/de\/wp-json\/wp\/v2\/users\/531"}],"replies":[{"embeddable":true,"href":"http:\/\/www.habitationdesrosiers.com\/de\/wp-json\/wp\/v2\/comments?post=198"}],"version-history":[{"count":0,"href":"http:\/\/www.habitationdesrosiers.com\/de\/wp-json\/wp\/v2\/pages\/198\/revisions"}],"wp:attachment":[{"href":"http:\/\/www.habitationdesrosiers.com\/de\/wp-json\/wp\/v2\/media?parent=198"}],"curies":[{"name":"wp","href":"https:\/\/api.w.org\/{rel}","templated":true}]}}