{"id":194,"date":"2023-01-06T14:09:55","date_gmt":"2023-01-06T13:09:55","guid":{"rendered":"https:\/\/habitationdesrosiers.ms.decms.eu\/accueil\/"},"modified":"2024-09-24T13:58:13","modified_gmt":"2024-09-24T11:58:13","slug":"accueil","status":"publish","type":"page","link":"http:\/\/www.habitationdesrosiers.com\/en\/","title":{"rendered":"Home"},"content":{"rendered":"<p style=\"text-align: center;\">Enjoy a haven of peace while admiring one of the most beautiful bays in the world.<\/p>\n<p style=\"text-align: center;\">Habitation Desrosiers offers magnificent views of the Caribbean Sea, in a calm, flower-filled setting punctuated by the comings and goings of the hummingbirds that have made the property their domain.<\/p>\n<p style=\"text-align: center;\">Located in the Municipality of Les Trois-\u00celets, slightly above Anse \u00e0 l&#8217;\u00c2ne beach, you can discover 3 different coves on foot.<\/p>\n<p style=\"text-align: center;\">By car, you&#8217;re just minutes away from numerous beaches offering a variety of scenery and activities.<\/p>\n<p style=\"text-align: center;\">Thanks to our well-motorized vehicles, you can also easily explore the whole island and discover the hidden pleasures of the North, its rainforest and volcano, the beaches of the South and hike through enchanting landscapes.<\/p>\n","protected":false},"excerpt":{"rendered":"<p>Enjoy a haven of peace while admiring one of the most beautiful bays in the world. Habitation Desrosiers offers magnificent views of the Caribbean Sea, in a calm, flower-filled setting punctuated by the comings and goings of the hummingbirds that have made the property their domain. Located in the Municipality of Les Trois-\u00celets, slightly above [&hellip;]<\/p>\n","protected":false},"author":531,"featured_media":0,"parent":0,"menu_order":0,"comment_status":"closed","ping_status":"closed","template":"","meta":{"footnotes":""},"class_list":["post-194","page","type-page","status-publish","hentry"],"yoast_head":"<!-- This site is optimized with the Yoast SEO plugin v26.9 - https:\/\/yoast.com\/product\/yoast-seo-wordpress\/ -->\n<title>Home - Habitation Desrosiers<\/title>\n<meta name=\"description\" content=\"Enjoy a haven of peace while admiring one of the most beautiful bays in the world. Habitation Desrosiers offers magnificent views of the Caribbean Sea, in\" \/>\n<meta name=\"robots\" content=\"index, follow, max-snippet:-1, max-image-preview:large, max-video-preview:-1\" \/>\n<link rel=\"canonical\" href=\"http:\/\/www.habitationdesrosiers.com\/en\/\" \/>\n<meta property=\"og:locale\" content=\"en_US\" \/>\n<meta property=\"og:type\" content=\"article\" \/>\n<meta property=\"og:title\" content=\"Home - Habitation Desrosiers\" \/>\n<meta property=\"og:description\" content=\"Enjoy a haven of peace while admiring one of the most beautiful bays in the world. Habitation Desrosiers offers magnificent views of the Caribbean Sea, in\" \/>\n<meta property=\"og:url\" content=\"http:\/\/www.habitationdesrosiers.com\/en\/\" \/>\n<meta property=\"og:site_name\" content=\"Habitation Desrosiers\" \/>\n<meta property=\"article:modified_time\" content=\"2024-09-24T11:58:13+00:00\" \/>\n<meta name=\"twitter:card\" content=\"summary_large_image\" \/>\n<meta name=\"twitter:label1\" content=\"Est. reading time\" \/>\n\t<meta name=\"twitter:data1\" content=\"1 minute\" \/>\n<script type=\"application\/ld+json\" class=\"yoast-schema-graph\">{\"@context\":\"https:\/\/schema.org\",\"@graph\":[{\"@type\":\"WebPage\",\"@id\":\"http:\/\/www.habitationdesrosiers.com\/en\/\",\"url\":\"http:\/\/www.habitationdesrosiers.com\/en\/\",\"name\":\"Home - Habitation Desrosiers\",\"isPartOf\":{\"@id\":\"https:\/\/www.habitationdesrosiers.com\/en\/#website\"},\"datePublished\":\"2023-01-06T13:09:55+00:00\",\"dateModified\":\"2024-09-24T11:58:13+00:00\",\"description\":\"Enjoy a haven of peace while admiring one of the most beautiful bays in the world. Habitation Desrosiers offers magnificent views of the Caribbean Sea, in\",\"breadcrumb\":{\"@id\":\"http:\/\/www.habitationdesrosiers.com\/en\/#breadcrumb\"},\"inLanguage\":\"en-US\",\"potentialAction\":[{\"@type\":\"ReadAction\",\"target\":[\"http:\/\/www.habitationdesrosiers.com\/en\/\"]}]},{\"@type\":\"BreadcrumbList\",\"@id\":\"http:\/\/www.habitationdesrosiers.com\/en\/#breadcrumb\",\"itemListElement\":[{\"@type\":\"ListItem\",\"position\":1,\"name\":\"Accueil\",\"item\":\"https:\/\/www.habitationdesrosiers.com\/en\/\"},{\"@type\":\"ListItem\",\"position\":2,\"name\":\"Home\"}]},{\"@type\":\"WebSite\",\"@id\":\"https:\/\/www.habitationdesrosiers.com\/en\/#website\",\"url\":\"https:\/\/www.habitationdesrosiers.com\/en\/\",\"name\":\"Habitation Desrosiers\",\"description\":\"\",\"potentialAction\":[{\"@type\":\"SearchAction\",\"target\":{\"@type\":\"EntryPoint\",\"urlTemplate\":\"https:\/\/www.habitationdesrosiers.com\/en\/?s={search_term_string}\"},\"query-input\":{\"@type\":\"PropertyValueSpecification\",\"valueRequired\":true,\"valueName\":\"search_term_string\"}}],\"inLanguage\":\"en-US\"}]}<\/script>\n<!-- \/ Yoast SEO plugin. -->","yoast_head_json":{"title":"Home - Habitation Desrosiers","description":"Enjoy a haven of peace while admiring one of the most beautiful bays in the world. Habitation Desrosiers offers magnificent views of the Caribbean Sea, in","robots":{"index":"index","follow":"follow","max-snippet":"max-snippet:-1","max-image-preview":"max-image-preview:large","max-video-preview":"max-video-preview:-1"},"canonical":"http:\/\/www.habitationdesrosiers.com\/en\/","og_locale":"en_US","og_type":"article","og_title":"Home - Habitation Desrosiers","og_description":"Enjoy a haven of peace while admiring one of the most beautiful bays in the world. Habitation Desrosiers offers magnificent views of the Caribbean Sea, in","og_url":"http:\/\/www.habitationdesrosiers.com\/en\/","og_site_name":"Habitation Desrosiers","article_modified_time":"2024-09-24T11:58:13+00:00","twitter_card":"summary_large_image","twitter_misc":{"Est. reading time":"1 minute"},"schema":{"@context":"https:\/\/schema.org","@graph":[{"@type":"WebPage","@id":"http:\/\/www.habitationdesrosiers.com\/en\/","url":"http:\/\/www.habitationdesrosiers.com\/en\/","name":"Home - Habitation Desrosiers","isPartOf":{"@id":"https:\/\/www.habitationdesrosiers.com\/en\/#website"},"datePublished":"2023-01-06T13:09:55+00:00","dateModified":"2024-09-24T11:58:13+00:00","description":"Enjoy a haven of peace while admiring one of the most beautiful bays in the world. Habitation Desrosiers offers magnificent views of the Caribbean Sea, in","breadcrumb":{"@id":"http:\/\/www.habitationdesrosiers.com\/en\/#breadcrumb"},"inLanguage":"en-US","potentialAction":[{"@type":"ReadAction","target":["http:\/\/www.habitationdesrosiers.com\/en\/"]}]},{"@type":"BreadcrumbList","@id":"http:\/\/www.habitationdesrosiers.com\/en\/#breadcrumb","itemListElement":[{"@type":"ListItem","position":1,"name":"Accueil","item":"https:\/\/www.habitationdesrosiers.com\/en\/"},{"@type":"ListItem","position":2,"name":"Home"}]},{"@type":"WebSite","@id":"https:\/\/www.habitationdesrosiers.com\/en\/#website","url":"https:\/\/www.habitationdesrosiers.com\/en\/","name":"Habitation Desrosiers","description":"","potentialAction":[{"@type":"SearchAction","target":{"@type":"EntryPoint","urlTemplate":"https:\/\/www.habitationdesrosiers.com\/en\/?s={search_term_string}"},"query-input":{"@type":"PropertyValueSpecification","valueRequired":true,"valueName":"search_term_string"}}],"inLanguage":"en-US"}]}},"acf":[],"_links":{"self":[{"href":"http:\/\/www.habitationdesrosiers.com\/en\/wp-json\/wp\/v2\/pages\/194","targetHints":{"allow":["GET"]}}],"collection":[{"href":"http:\/\/www.habitationdesrosiers.com\/en\/wp-json\/wp\/v2\/pages"}],"about":[{"href":"http:\/\/www.habitationdesrosiers.com\/en\/wp-json\/wp\/v2\/types\/page"}],"author":[{"embeddable":true,"href":"http:\/\/www.habitationdesrosiers.com\/en\/wp-json\/wp\/v2\/users\/531"}],"replies":[{"embeddable":true,"href":"http:\/\/www.habitationdesrosiers.com\/en\/wp-json\/wp\/v2\/comments?post=194"}],"version-history":[{"count":0,"href":"http:\/\/www.habitationdesrosiers.com\/en\/wp-json\/wp\/v2\/pages\/194\/revisions"}],"wp:attachment":[{"href":"http:\/\/www.habitationdesrosiers.com\/en\/wp-json\/wp\/v2\/media?parent=194"}],"curies":[{"name":"wp","href":"https:\/\/api.w.org\/{rel}","templated":true}]}}