{"id":247,"date":"2023-12-21T13:40:26","date_gmt":"2023-12-21T12:40:26","guid":{"rendered":"https:\/\/habitationdesrosiers.ms.decms.eu\/nostri-appartamenti\/apartment-fuer-2-bis-4-personen\/"},"modified":"2024-09-10T11:56:51","modified_gmt":"2024-09-10T09:56:51","slug":"appartamento-da-2-a-4-persone","status":"publish","type":"page","link":"http:\/\/www.habitationdesrosiers.com\/it\/nostri-appartamenti\/appartamento-da-2-a-4-persone\/","title":{"rendered":"Appartamento da 2 a 4 persone"},"content":{"rendered":"<p style=\"text-align: left;\">Ti diamo il benvenuto!<\/p>\n<p style=\"text-align: left;\">Si arriva alla graziosa terrazza con vista sulla baia.<\/p>\n<p style=\"text-align: left;\">Nessuna vista diretta su altre case, la pace e la tranquillit\u00e0 e la leggera brezza degli alisei: \u00e8 il momento di iniziare la tua vacanza. Apri la vetrata, sei a casa.<\/p>\n<p style=\"text-align: left;\">L&#8217;appartamento \u00e8 dotato di aria condizionata, cucina a vista completamente attrezzata con piano cottura a gas, forno multifunzione, lavastoviglie, frigorifero\/congelatore, ampio piano di lavoro, prese USB A e C.<\/p>\n","protected":false},"excerpt":{"rendered":"<p>Ti diamo il benvenuto! Si arriva alla graziosa terrazza con vista sulla baia. Nessuna vista diretta su altre case, la pace e la tranquillit\u00e0 e la leggera brezza degli alisei: \u00e8 il momento di iniziare la tua vacanza. Apri la vetrata, sei a casa. L&#8217;appartamento \u00e8 dotato di aria condizionata, cucina a vista completamente attrezzata [&hellip;]<\/p>\n","protected":false},"author":531,"featured_media":0,"parent":239,"menu_order":0,"comment_status":"closed","ping_status":"closed","template":"template-single-room.php","meta":{"footnotes":""},"class_list":["post-247","page","type-page","status-publish","hentry"],"yoast_head":"<!-- This site is optimized with the Yoast SEO plugin v26.9 - https:\/\/yoast.com\/product\/yoast-seo-wordpress\/ -->\n<title>Appartamento da 2 a 4 persone - Habitation Desrosiers<\/title>\n<meta name=\"description\" content=\"Ti diamo il benvenuto! Si arriva alla graziosa terrazza con vista sulla baia. Nessuna vista diretta su altre case, la pace e la tranquillit\u00e0 e la leggera\" \/>\n<meta name=\"robots\" content=\"index, follow, max-snippet:-1, max-image-preview:large, max-video-preview:-1\" \/>\n<link rel=\"canonical\" href=\"http:\/\/www.habitationdesrosiers.com\/it\/nostri-appartamenti\/appartamento-da-2-a-4-persone\/\" \/>\n<meta property=\"og:locale\" content=\"it_IT\" \/>\n<meta property=\"og:type\" content=\"article\" \/>\n<meta property=\"og:title\" content=\"Appartamento da 2 a 4 persone - Habitation Desrosiers\" \/>\n<meta property=\"og:description\" content=\"Ti diamo il benvenuto! Si arriva alla graziosa terrazza con vista sulla baia. Nessuna vista diretta su altre case, la pace e la tranquillit\u00e0 e la leggera\" \/>\n<meta property=\"og:url\" content=\"http:\/\/www.habitationdesrosiers.com\/it\/nostri-appartamenti\/appartamento-da-2-a-4-persone\/\" \/>\n<meta property=\"og:site_name\" content=\"Habitation Desrosiers\" \/>\n<meta property=\"article:modified_time\" content=\"2024-09-10T09:56:51+00:00\" \/>\n<meta name=\"twitter:card\" content=\"summary_large_image\" \/>\n<meta name=\"twitter:label1\" content=\"Tempo di lettura stimato\" \/>\n\t<meta name=\"twitter:data1\" content=\"1 minuto\" \/>\n<script type=\"application\/ld+json\" class=\"yoast-schema-graph\">{\"@context\":\"https:\/\/schema.org\",\"@graph\":[{\"@type\":\"WebPage\",\"@id\":\"http:\/\/www.habitationdesrosiers.com\/it\/nostri-appartamenti\/appartamento-da-2-a-4-persone\/\",\"url\":\"http:\/\/www.habitationdesrosiers.com\/it\/nostri-appartamenti\/appartamento-da-2-a-4-persone\/\",\"name\":\"Appartamento da 2 a 4 persone - Habitation Desrosiers\",\"isPartOf\":{\"@id\":\"https:\/\/www.habitationdesrosiers.com\/it\/#website\"},\"datePublished\":\"2023-12-21T12:40:26+00:00\",\"dateModified\":\"2024-09-10T09:56:51+00:00\",\"description\":\"Ti diamo il benvenuto! Si arriva alla graziosa terrazza con vista sulla baia. Nessuna vista diretta su altre case, la pace e la tranquillit\u00e0 e la leggera\",\"breadcrumb\":{\"@id\":\"http:\/\/www.habitationdesrosiers.com\/it\/nostri-appartamenti\/appartamento-da-2-a-4-persone\/#breadcrumb\"},\"inLanguage\":\"it-IT\",\"potentialAction\":[{\"@type\":\"ReadAction\",\"target\":[\"http:\/\/www.habitationdesrosiers.com\/it\/nostri-appartamenti\/appartamento-da-2-a-4-persone\/\"]}]},{\"@type\":\"BreadcrumbList\",\"@id\":\"http:\/\/www.habitationdesrosiers.com\/it\/nostri-appartamenti\/appartamento-da-2-a-4-persone\/#breadcrumb\",\"itemListElement\":[{\"@type\":\"ListItem\",\"position\":1,\"name\":\"Accueil\",\"item\":\"http:\/\/www.habitationdesrosiers.com\/it\/\"},{\"@type\":\"ListItem\",\"position\":2,\"name\":\"Nostri appartamenti\",\"item\":\"http:\/\/www.habitationdesrosiers.com\/it\/nostri-appartamenti\/\"},{\"@type\":\"ListItem\",\"position\":3,\"name\":\"Appartamento da 2 a 4 persone\"}]},{\"@type\":\"WebSite\",\"@id\":\"https:\/\/www.habitationdesrosiers.com\/it\/#website\",\"url\":\"https:\/\/www.habitationdesrosiers.com\/it\/\",\"name\":\"Habitation Desrosiers\",\"description\":\"\",\"potentialAction\":[{\"@type\":\"SearchAction\",\"target\":{\"@type\":\"EntryPoint\",\"urlTemplate\":\"https:\/\/www.habitationdesrosiers.com\/it\/?s={search_term_string}\"},\"query-input\":{\"@type\":\"PropertyValueSpecification\",\"valueRequired\":true,\"valueName\":\"search_term_string\"}}],\"inLanguage\":\"it-IT\"}]}<\/script>\n<!-- \/ Yoast SEO plugin. -->","yoast_head_json":{"title":"Appartamento da 2 a 4 persone - Habitation Desrosiers","description":"Ti diamo il benvenuto! Si arriva alla graziosa terrazza con vista sulla baia. Nessuna vista diretta su altre case, la pace e la tranquillit\u00e0 e la leggera","robots":{"index":"index","follow":"follow","max-snippet":"max-snippet:-1","max-image-preview":"max-image-preview:large","max-video-preview":"max-video-preview:-1"},"canonical":"http:\/\/www.habitationdesrosiers.com\/it\/nostri-appartamenti\/appartamento-da-2-a-4-persone\/","og_locale":"it_IT","og_type":"article","og_title":"Appartamento da 2 a 4 persone - Habitation Desrosiers","og_description":"Ti diamo il benvenuto! Si arriva alla graziosa terrazza con vista sulla baia. Nessuna vista diretta su altre case, la pace e la tranquillit\u00e0 e la leggera","og_url":"http:\/\/www.habitationdesrosiers.com\/it\/nostri-appartamenti\/appartamento-da-2-a-4-persone\/","og_site_name":"Habitation Desrosiers","article_modified_time":"2024-09-10T09:56:51+00:00","twitter_card":"summary_large_image","twitter_misc":{"Tempo di lettura stimato":"1 minuto"},"schema":{"@context":"https:\/\/schema.org","@graph":[{"@type":"WebPage","@id":"http:\/\/www.habitationdesrosiers.com\/it\/nostri-appartamenti\/appartamento-da-2-a-4-persone\/","url":"http:\/\/www.habitationdesrosiers.com\/it\/nostri-appartamenti\/appartamento-da-2-a-4-persone\/","name":"Appartamento da 2 a 4 persone - Habitation Desrosiers","isPartOf":{"@id":"https:\/\/www.habitationdesrosiers.com\/it\/#website"},"datePublished":"2023-12-21T12:40:26+00:00","dateModified":"2024-09-10T09:56:51+00:00","description":"Ti diamo il benvenuto! Si arriva alla graziosa terrazza con vista sulla baia. Nessuna vista diretta su altre case, la pace e la tranquillit\u00e0 e la leggera","breadcrumb":{"@id":"http:\/\/www.habitationdesrosiers.com\/it\/nostri-appartamenti\/appartamento-da-2-a-4-persone\/#breadcrumb"},"inLanguage":"it-IT","potentialAction":[{"@type":"ReadAction","target":["http:\/\/www.habitationdesrosiers.com\/it\/nostri-appartamenti\/appartamento-da-2-a-4-persone\/"]}]},{"@type":"BreadcrumbList","@id":"http:\/\/www.habitationdesrosiers.com\/it\/nostri-appartamenti\/appartamento-da-2-a-4-persone\/#breadcrumb","itemListElement":[{"@type":"ListItem","position":1,"name":"Accueil","item":"http:\/\/www.habitationdesrosiers.com\/it\/"},{"@type":"ListItem","position":2,"name":"Nostri appartamenti","item":"http:\/\/www.habitationdesrosiers.com\/it\/nostri-appartamenti\/"},{"@type":"ListItem","position":3,"name":"Appartamento da 2 a 4 persone"}]},{"@type":"WebSite","@id":"https:\/\/www.habitationdesrosiers.com\/it\/#website","url":"https:\/\/www.habitationdesrosiers.com\/it\/","name":"Habitation Desrosiers","description":"","potentialAction":[{"@type":"SearchAction","target":{"@type":"EntryPoint","urlTemplate":"https:\/\/www.habitationdesrosiers.com\/it\/?s={search_term_string}"},"query-input":{"@type":"PropertyValueSpecification","valueRequired":true,"valueName":"search_term_string"}}],"inLanguage":"it-IT"}]}},"acf":[],"_links":{"self":[{"href":"http:\/\/www.habitationdesrosiers.com\/it\/wp-json\/wp\/v2\/pages\/247","targetHints":{"allow":["GET"]}}],"collection":[{"href":"http:\/\/www.habitationdesrosiers.com\/it\/wp-json\/wp\/v2\/pages"}],"about":[{"href":"http:\/\/www.habitationdesrosiers.com\/it\/wp-json\/wp\/v2\/types\/page"}],"author":[{"embeddable":true,"href":"http:\/\/www.habitationdesrosiers.com\/it\/wp-json\/wp\/v2\/users\/531"}],"replies":[{"embeddable":true,"href":"http:\/\/www.habitationdesrosiers.com\/it\/wp-json\/wp\/v2\/comments?post=247"}],"version-history":[{"count":0,"href":"http:\/\/www.habitationdesrosiers.com\/it\/wp-json\/wp\/v2\/pages\/247\/revisions"}],"up":[{"embeddable":true,"href":"http:\/\/www.habitationdesrosiers.com\/it\/wp-json\/wp\/v2\/pages\/239"}],"wp:attachment":[{"href":"http:\/\/www.habitationdesrosiers.com\/it\/wp-json\/wp\/v2\/media?parent=247"}],"curies":[{"name":"wp","href":"https:\/\/api.w.org\/{rel}","templated":true}]}}