{"id":202,"date":"2023-12-21T13:51:04","date_gmt":"2023-12-21T12:51:04","guid":{"rendered":"https:\/\/habitationdesrosiers.ms.decms.eu\/vehicle-rental\/"},"modified":"2024-09-10T10:47:04","modified_gmt":"2024-09-10T08:47:04","slug":"autovermietung","status":"publish","type":"page","link":"https:\/\/www.habitationdesrosiers.com\/de\/autovermietung\/","title":{"rendered":"Autovermietung"},"content":{"rendered":"<p style=\"text-align: center;\">Unsere Flotte an leistungsstarken und komfortablen Autos ist wie geschaffen, um agil und bequem \u00fcber die steilen Stra\u00dfen der Insel zu fahren!<\/p>\n<p style=\"text-align: center;\">Unsere Nissan Micra Limited Edition \u201eMade in France\u201c, Schaltgetriebe, 100 PS Turbo oder unser Clio V Automatikgetriebe mit 130 PS verf\u00fcgen \u00fcber alle notwendigen Ausstattungsmerkmale: Klimaanlage, Apple CarPlay und Android Auto, Tempomat und Geschwindigkeitsbegrenzer, Einparkhilfe und Berganfahrhilfe f\u00fcr den Micra und R\u00fcckfahrkamera f\u00fcr den Clio.<\/p>\n<p style=\"text-align: center;\"><strong>Unsere Preise basieren auf den Marktpreisen.<\/strong><\/p>\n","protected":false},"excerpt":{"rendered":"<p>Unsere Flotte an leistungsstarken und komfortablen Autos ist wie geschaffen, um agil und bequem \u00fcber die steilen Stra\u00dfen der Insel zu fahren! Unsere Nissan Micra Limited Edition \u201eMade in France\u201c, Schaltgetriebe, 100 PS Turbo oder unser Clio V Automatikgetriebe mit 130 PS verf\u00fcgen \u00fcber alle notwendigen Ausstattungsmerkmale: Klimaanlage, Apple CarPlay und Android Auto, Tempomat und [&hellip;]<\/p>\n","protected":false},"author":531,"featured_media":0,"parent":0,"menu_order":0,"comment_status":"closed","ping_status":"closed","template":"","meta":{"footnotes":""},"class_list":["post-202","page","type-page","status-publish","hentry"],"yoast_head":"<!-- This site is optimized with the Yoast SEO plugin v26.9 - https:\/\/yoast.com\/product\/yoast-seo-wordpress\/ -->\n<title>Autovermietung - Habitation Desrosiers<\/title>\n<meta name=\"description\" content=\"Unsere Flotte an leistungsstarken und komfortablen Autos ist wie geschaffen, um agil und bequem \u00fcber die steilen Stra\u00dfen der Insel zu fahren! Unsere\" \/>\n<meta name=\"robots\" content=\"index, follow, max-snippet:-1, max-image-preview:large, max-video-preview:-1\" \/>\n<link rel=\"canonical\" href=\"https:\/\/www.habitationdesrosiers.com\/de\/autovermietung\/\" \/>\n<meta property=\"og:locale\" content=\"de_DE\" \/>\n<meta property=\"og:type\" content=\"article\" \/>\n<meta property=\"og:title\" content=\"Autovermietung - Habitation Desrosiers\" \/>\n<meta property=\"og:description\" content=\"Unsere Flotte an leistungsstarken und komfortablen Autos ist wie geschaffen, um agil und bequem \u00fcber die steilen Stra\u00dfen der Insel zu fahren! Unsere\" \/>\n<meta property=\"og:url\" content=\"https:\/\/www.habitationdesrosiers.com\/de\/autovermietung\/\" \/>\n<meta property=\"og:site_name\" content=\"Habitation Desrosiers\" \/>\n<meta property=\"article:modified_time\" content=\"2024-09-10T08:47:04+00:00\" \/>\n<meta name=\"twitter:card\" content=\"summary_large_image\" \/>\n<meta name=\"twitter:label1\" content=\"Gesch\u00e4tzte Lesezeit\" \/>\n\t<meta name=\"twitter:data1\" content=\"1 Minute\" \/>\n<script type=\"application\/ld+json\" class=\"yoast-schema-graph\">{\"@context\":\"https:\/\/schema.org\",\"@graph\":[{\"@type\":\"WebPage\",\"@id\":\"https:\/\/www.habitationdesrosiers.com\/de\/autovermietung\/\",\"url\":\"https:\/\/www.habitationdesrosiers.com\/de\/autovermietung\/\",\"name\":\"Autovermietung - Habitation Desrosiers\",\"isPartOf\":{\"@id\":\"https:\/\/www.habitationdesrosiers.com\/de\/#website\"},\"datePublished\":\"2023-12-21T12:51:04+00:00\",\"dateModified\":\"2024-09-10T08:47:04+00:00\",\"description\":\"Unsere Flotte an leistungsstarken und komfortablen Autos ist wie geschaffen, um agil und bequem \u00fcber die steilen Stra\u00dfen der Insel zu fahren! Unsere\",\"breadcrumb\":{\"@id\":\"https:\/\/www.habitationdesrosiers.com\/de\/autovermietung\/#breadcrumb\"},\"inLanguage\":\"de-DE\",\"potentialAction\":[{\"@type\":\"ReadAction\",\"target\":[\"https:\/\/www.habitationdesrosiers.com\/de\/autovermietung\/\"]}]},{\"@type\":\"BreadcrumbList\",\"@id\":\"https:\/\/www.habitationdesrosiers.com\/de\/autovermietung\/#breadcrumb\",\"itemListElement\":[{\"@type\":\"ListItem\",\"position\":1,\"name\":\"Accueil\",\"item\":\"https:\/\/www.habitationdesrosiers.com\/de\/\"},{\"@type\":\"ListItem\",\"position\":2,\"name\":\"Autovermietung\"}]},{\"@type\":\"WebSite\",\"@id\":\"https:\/\/www.habitationdesrosiers.com\/de\/#website\",\"url\":\"https:\/\/www.habitationdesrosiers.com\/de\/\",\"name\":\"Habitation Desrosiers\",\"description\":\"\",\"potentialAction\":[{\"@type\":\"SearchAction\",\"target\":{\"@type\":\"EntryPoint\",\"urlTemplate\":\"https:\/\/www.habitationdesrosiers.com\/de\/?s={search_term_string}\"},\"query-input\":{\"@type\":\"PropertyValueSpecification\",\"valueRequired\":true,\"valueName\":\"search_term_string\"}}],\"inLanguage\":\"de-DE\"}]}<\/script>\n<!-- \/ Yoast SEO plugin. -->","yoast_head_json":{"title":"Autovermietung - Habitation Desrosiers","description":"Unsere Flotte an leistungsstarken und komfortablen Autos ist wie geschaffen, um agil und bequem \u00fcber die steilen Stra\u00dfen der Insel zu fahren! Unsere","robots":{"index":"index","follow":"follow","max-snippet":"max-snippet:-1","max-image-preview":"max-image-preview:large","max-video-preview":"max-video-preview:-1"},"canonical":"https:\/\/www.habitationdesrosiers.com\/de\/autovermietung\/","og_locale":"de_DE","og_type":"article","og_title":"Autovermietung - Habitation Desrosiers","og_description":"Unsere Flotte an leistungsstarken und komfortablen Autos ist wie geschaffen, um agil und bequem \u00fcber die steilen Stra\u00dfen der Insel zu fahren! Unsere","og_url":"https:\/\/www.habitationdesrosiers.com\/de\/autovermietung\/","og_site_name":"Habitation Desrosiers","article_modified_time":"2024-09-10T08:47:04+00:00","twitter_card":"summary_large_image","twitter_misc":{"Gesch\u00e4tzte Lesezeit":"1 Minute"},"schema":{"@context":"https:\/\/schema.org","@graph":[{"@type":"WebPage","@id":"https:\/\/www.habitationdesrosiers.com\/de\/autovermietung\/","url":"https:\/\/www.habitationdesrosiers.com\/de\/autovermietung\/","name":"Autovermietung - Habitation Desrosiers","isPartOf":{"@id":"https:\/\/www.habitationdesrosiers.com\/de\/#website"},"datePublished":"2023-12-21T12:51:04+00:00","dateModified":"2024-09-10T08:47:04+00:00","description":"Unsere Flotte an leistungsstarken und komfortablen Autos ist wie geschaffen, um agil und bequem \u00fcber die steilen Stra\u00dfen der Insel zu fahren! Unsere","breadcrumb":{"@id":"https:\/\/www.habitationdesrosiers.com\/de\/autovermietung\/#breadcrumb"},"inLanguage":"de-DE","potentialAction":[{"@type":"ReadAction","target":["https:\/\/www.habitationdesrosiers.com\/de\/autovermietung\/"]}]},{"@type":"BreadcrumbList","@id":"https:\/\/www.habitationdesrosiers.com\/de\/autovermietung\/#breadcrumb","itemListElement":[{"@type":"ListItem","position":1,"name":"Accueil","item":"https:\/\/www.habitationdesrosiers.com\/de\/"},{"@type":"ListItem","position":2,"name":"Autovermietung"}]},{"@type":"WebSite","@id":"https:\/\/www.habitationdesrosiers.com\/de\/#website","url":"https:\/\/www.habitationdesrosiers.com\/de\/","name":"Habitation Desrosiers","description":"","potentialAction":[{"@type":"SearchAction","target":{"@type":"EntryPoint","urlTemplate":"https:\/\/www.habitationdesrosiers.com\/de\/?s={search_term_string}"},"query-input":{"@type":"PropertyValueSpecification","valueRequired":true,"valueName":"search_term_string"}}],"inLanguage":"de-DE"}]}},"acf":[],"_links":{"self":[{"href":"https:\/\/www.habitationdesrosiers.com\/de\/wp-json\/wp\/v2\/pages\/202","targetHints":{"allow":["GET"]}}],"collection":[{"href":"https:\/\/www.habitationdesrosiers.com\/de\/wp-json\/wp\/v2\/pages"}],"about":[{"href":"https:\/\/www.habitationdesrosiers.com\/de\/wp-json\/wp\/v2\/types\/page"}],"author":[{"embeddable":true,"href":"https:\/\/www.habitationdesrosiers.com\/de\/wp-json\/wp\/v2\/users\/531"}],"replies":[{"embeddable":true,"href":"https:\/\/www.habitationdesrosiers.com\/de\/wp-json\/wp\/v2\/comments?post=202"}],"version-history":[{"count":0,"href":"https:\/\/www.habitationdesrosiers.com\/de\/wp-json\/wp\/v2\/pages\/202\/revisions"}],"wp:attachment":[{"href":"https:\/\/www.habitationdesrosiers.com\/de\/wp-json\/wp\/v2\/media?parent=202"}],"curies":[{"name":"wp","href":"https:\/\/api.w.org\/{rel}","templated":true}]}}