{"id":209,"date":"2023-01-06T14:08:25","date_gmt":"2023-01-06T13:08:25","guid":{"rendered":"https:\/\/habitationdesrosiers.ms.decms.eu\/legal-notice\/"},"modified":"2024-09-10T10:56:20","modified_gmt":"2024-09-10T08:56:20","slug":"rechtliche-hinweise","status":"publish","type":"page","link":"https:\/\/www.habitationdesrosiers.com\/de\/rechtliche-hinweise\/","title":{"rendered":"Rechtliche Hinweise"},"content":{"rendered":"<p><strong>Rechtsform: SAS HDM<\/strong><br \/>\nHauptsitz: 17, rue du Dauphin, Anse \u00e0 l\u2019Ane, 97229 Les Trois Ilets, Martinique<br \/>\nTelefon: 0596683387<br \/>\nGesellschaftskapital: 10.000 Euro<br \/>\nSiret: 850 539 859 00015<br \/>\nIm Kbis aufgef\u00fchrter Vorsitzender: Cyril MARTIN<br \/>\nHerausgeber: Cyril MARTIN<\/p>\n<p><strong>ERSTELLUNG DER WEBSITE: D-EDGE<\/strong><br \/>\nTelefon: +33 (0)1 87 21 39 40<br \/>\nAdresse: 64-66 Rue des Archives, 75003 Paris<br \/>\nRCS: PARIS 431 513 852<br \/>\nKapital: 41,086,597.58 \u20ac<\/p>\n<p>Die Website wird von der Firma D-EDGE, 64-66 rue des Archives, 75003 PARIS, gehostet; Telefonnummer: +33 (0)1 87 21 39 40.<br \/>\nDer Zugriff auf die Website und die Nutzung ihrer Inhalte erfolgt im Rahmen der nachstehend beschriebenen Nutzungshinweise.<br \/>\nDer Zugriff auf und die Navigation auf der Website stellt eine vorbehaltlose Zustimmung des Internetnutzers zu den folgenden Angaben dar:<\/p>\n<p><strong>GEISTIGES EIGENTUM<\/strong><br \/>\nDie Website in ihrer Gesamtheit sowie jedes ihrer Elemente (insbesondere Texte, Schemata, Baumstrukturen, Software, Animationen, Bilder, Fotografien, Illustrationen, Videos, grafische oder redaktionelle Darstellungen, Logos usw.) stellen geistige Werke dar, die durch das Gesetz \u00fcber geistiges Eigentum sowie durch jede andere anwendbare internationale Gesetzgebung gesch\u00fctzt sind.<br \/>\nHDM ist allein berechtigt (direkt oder durch die Wirkung von Lizenzen oder Genehmigungen), die Elemente, aus denen die Seite besteht, die Domainnamen, Marken, Modelle usw. sowie die Bilder und redaktionellen Inhalte, die dort reproduziert werden, zu verwenden.<br \/>\nDie Nutzung der gesamten oder eines Teils der Website, insbesondere durch Herunterladen, Vervielf\u00e4ltigung, \u00dcbertragung, Darstellung oder Verbreitung zu anderen Zwecken als der pers\u00f6nlichen und privaten Konsultation und Nutzung der Website durch den Internetnutzer zu nicht kommerziellen Zwecken ist strengstens untersagt. Die Verletzung dieser Bestimmungen setzt den Urheber den Sanktionen aus, die sowohl im Gesetz \u00fcber geistiges Eigentum insbesondere im Hinblick auf die Verletzung von Urheberrechten und Markenrechten als auch im Zivilgesetzbuch im Bereich der zivilrechtlichen Haftung vorgesehen sind.<br \/>\nDie Erstellung eines Hypertext-Links, der auf eine der Webseiten oder Elemente verweist, aus denen sich die Website zusammensetzt, ist ohne vorherige schriftliche Genehmigung von HDM untersagt, wobei diese Genehmigung jederzeit widerrufen werden kann. Alle Inhalte, Websites oder andere mit einem Hyperlink, der zur Website oder zu einem ihrer Bestandteile f\u00fchrt, stehen nicht unter der Kontrolle von HDM und HDM lehnt folglich jegliche (insbesondere redaktionelle) Verantwortung f\u00fcr den Zugang zu diesen Websites und deren Inhalt ab.<\/p>\n<p><strong>VERF\u00dcGBARKEIT DER WEBSITE<\/strong><br \/>\nHDM bem\u00fcht sich im Rahmen des M\u00f6glichen, die Website st\u00e4ndig zug\u00e4nglich zu halten, ist aber nicht verpflichtet, dies zu tun. HDM kann daher den Zugang zur Website insbesondere f\u00fcr Wartungs- oder Aktualisierungszwecke oder aus anderen, insbesondere technischen oder redaktionellen Gr\u00fcnden ohne Vorank\u00fcndigung oder vorherige Information der Internetnutzer unterbrechen, ohne dass HDM f\u00fcr die Folgen dieser Unterbrechungen sowohl gegen\u00fcber den Internetnutzern als auch gegen\u00fcber Dritten haftbar gemacht werden kann.<br \/>\nIm \u00dcbrigen kann HDM nicht haftbar gemacht werden, wenn Internetnutzer aufgrund eines technischen Defekts oder eines Problems nicht auf die Website zugreifen k\u00f6nnen, insbesondere und ohne Einschr\u00e4nkung im Zusammenhang mit:<br \/>\n\u2022 einem Ausfall und\/oder einer \u00dcberlastung des Internets,<br \/>\n\u2022 einem Ausfall der Internetdienstanbieter,<br \/>\n\u2022 menschlichem Versagen oder elektrischen Ursachen,<br \/>\n\u2022 jedem b\u00f6swilligen Eingriff,<br \/>\n\u2022 jeder Fehlfunktion von Software oder Hardware,<br \/>\n\u2022 einem Fall h\u00f6herer Gewalt.<\/p>\n<p><strong>VERANTWORTUNG<\/strong><br \/>\nHDM bem\u00fcht sich nach besten Kr\u00e4ften, die Richtigkeit und Aktualisierung der auf der Website ver\u00f6ffentlichten Informationen zu gew\u00e4hrleisten. HDM beh\u00e4lt sich das Recht vor, den Inhalt jederzeit und ohne Vorank\u00fcndigung zu \u00e4ndern.<br \/>\nHDM kann jedoch nicht die Richtigkeit, Genauigkeit und Vollst\u00e4ndigkeit der auf der Website zur Verf\u00fcgung gestellten Informationen garantieren, wobei diese Informationen keine Garantie oder Verpflichtung von HDM gegen\u00fcber dem Internetnutzer darstellen. Letztere kann insbesondere nicht haftbar gemacht werden f\u00fcr:<br \/>\n\u2022 jede Ungenauigkeit, Unrichtigkeit oder Auslassung der genannten Informationen;<br \/>\n\u2022 eventuelle Sch\u00e4den, die durch das Eindringen eines Dritten in die Datenbanken entstehen und zu einer Ver\u00e4nderung der genannten Informationen f\u00fchren;<br \/>\n\u2022 und ganz allgemein f\u00fcr alle direkten oder indirekten Sch\u00e4den, unabh\u00e4ngig von Ursache, Ursprung, Art und Folgen, die mit dem Zugang (oder der Unm\u00f6glichkeit des Zugangs zur Website), dem Inhalt, der Nutzung der Website und\/oder dem Vertrauen auf Informationen von der Website verbunden sind.<\/p>\n<p><strong>COOKIES<\/strong><br \/>\nEin Cookie ist eine Datendatei, die w\u00e4hrend des Besuchs der Website auf Ihrem Computer oder einem anderen Ger\u00e4t gespeichert wird. HDM verwendet Cookies, um Ihnen die M\u00f6glichkeit zu geben, Inhalte in sozialen Netzwerken zu teilen, Ihnen Werbeangebote anzubieten, die Ihrem Geschmack entsprechen, und um zu erfahren, welche Seiten der Website wie oft besucht werden, um die Website benutzerfreundlicher zu gestalten und Ihnen bei Ihrem n\u00e4chsten Besuch der Website angepasste und personalisierte Dienstleistungen anzubieten.<br \/>\nUm Cookies zu deaktivieren, klicken Sie bitte auf die Registerkarte \u201eHilfe\u201c Ihres Browsers oder lesen Sie die Informationen, die der Software Ihres Browsers beiliegen.<br \/>\nHDM verwendet die Google Analytics-Software nur f\u00fcr statistische Zwecke und zur internen Datennutzung. Sie k\u00f6nnen jederzeit die L\u00f6schung der Sie betreffenden Informationen verlangen, indem Sie sich mit allen geeigneten Mitteln an HDM wenden.<\/p>\n","protected":false},"excerpt":{"rendered":"<p>Rechtsform: SAS HDM Hauptsitz: 17, rue du Dauphin, Anse \u00e0 l\u2019Ane, 97229 Les Trois Ilets, Martinique Telefon: 0596683387 Gesellschaftskapital: 10.000 Euro Siret: 850 539 859 00015 Im Kbis aufgef\u00fchrter Vorsitzender: Cyril MARTIN Herausgeber: Cyril MARTIN ERSTELLUNG DER WEBSITE: D-EDGE Telefon: +33 (0)1 87 21 39 40 Adresse: 64-66 Rue des Archives, 75003 Paris RCS: PARIS [&hellip;]<\/p>\n","protected":false},"author":531,"featured_media":0,"parent":0,"menu_order":0,"comment_status":"closed","ping_status":"closed","template":"","meta":{"footnotes":""},"class_list":["post-209","page","type-page","status-publish","hentry"],"yoast_head":"<!-- This site is optimized with the Yoast SEO plugin v26.9 - https:\/\/yoast.com\/product\/yoast-seo-wordpress\/ -->\n<title>Rechtliche Hinweise - Habitation Desrosiers<\/title>\n<meta name=\"description\" content=\"Rechtsform: SAS HDM Hauptsitz: 17, rue du Dauphin, Anse \u00e0 l\u2019Ane, 97229 Les Trois Ilets, Martinique Telefon: 0596683387 Gesellschaftskapital: 10.000 Euro\" \/>\n<meta name=\"robots\" content=\"index, follow, max-snippet:-1, max-image-preview:large, max-video-preview:-1\" \/>\n<link rel=\"canonical\" href=\"https:\/\/www.habitationdesrosiers.com\/de\/rechtliche-hinweise\/\" \/>\n<meta property=\"og:locale\" content=\"de_DE\" \/>\n<meta property=\"og:type\" content=\"article\" \/>\n<meta property=\"og:title\" content=\"Rechtliche Hinweise - Habitation Desrosiers\" \/>\n<meta property=\"og:description\" content=\"Rechtsform: SAS HDM Hauptsitz: 17, rue du Dauphin, Anse \u00e0 l\u2019Ane, 97229 Les Trois Ilets, Martinique Telefon: 0596683387 Gesellschaftskapital: 10.000 Euro\" \/>\n<meta property=\"og:url\" content=\"https:\/\/www.habitationdesrosiers.com\/de\/rechtliche-hinweise\/\" \/>\n<meta property=\"og:site_name\" content=\"Habitation Desrosiers\" \/>\n<meta property=\"article:modified_time\" content=\"2024-09-10T08:56:20+00:00\" \/>\n<meta name=\"twitter:card\" content=\"summary_large_image\" \/>\n<meta name=\"twitter:label1\" content=\"Gesch\u00e4tzte Lesezeit\" \/>\n\t<meta name=\"twitter:data1\" content=\"4 Minuten\" \/>\n<script type=\"application\/ld+json\" class=\"yoast-schema-graph\">{\"@context\":\"https:\/\/schema.org\",\"@graph\":[{\"@type\":\"WebPage\",\"@id\":\"https:\/\/www.habitationdesrosiers.com\/de\/rechtliche-hinweise\/\",\"url\":\"https:\/\/www.habitationdesrosiers.com\/de\/rechtliche-hinweise\/\",\"name\":\"Rechtliche Hinweise - Habitation Desrosiers\",\"isPartOf\":{\"@id\":\"https:\/\/www.habitationdesrosiers.com\/de\/#website\"},\"datePublished\":\"2023-01-06T13:08:25+00:00\",\"dateModified\":\"2024-09-10T08:56:20+00:00\",\"description\":\"Rechtsform: SAS HDM Hauptsitz: 17, rue du Dauphin, Anse \u00e0 l\u2019Ane, 97229 Les Trois Ilets, Martinique Telefon: 0596683387 Gesellschaftskapital: 10.000 Euro\",\"breadcrumb\":{\"@id\":\"https:\/\/www.habitationdesrosiers.com\/de\/rechtliche-hinweise\/#breadcrumb\"},\"inLanguage\":\"de-DE\",\"potentialAction\":[{\"@type\":\"ReadAction\",\"target\":[\"https:\/\/www.habitationdesrosiers.com\/de\/rechtliche-hinweise\/\"]}]},{\"@type\":\"BreadcrumbList\",\"@id\":\"https:\/\/www.habitationdesrosiers.com\/de\/rechtliche-hinweise\/#breadcrumb\",\"itemListElement\":[{\"@type\":\"ListItem\",\"position\":1,\"name\":\"Accueil\",\"item\":\"https:\/\/www.habitationdesrosiers.com\/de\/\"},{\"@type\":\"ListItem\",\"position\":2,\"name\":\"Rechtliche Hinweise\"}]},{\"@type\":\"WebSite\",\"@id\":\"https:\/\/www.habitationdesrosiers.com\/de\/#website\",\"url\":\"https:\/\/www.habitationdesrosiers.com\/de\/\",\"name\":\"Habitation Desrosiers\",\"description\":\"\",\"potentialAction\":[{\"@type\":\"SearchAction\",\"target\":{\"@type\":\"EntryPoint\",\"urlTemplate\":\"https:\/\/www.habitationdesrosiers.com\/de\/?s={search_term_string}\"},\"query-input\":{\"@type\":\"PropertyValueSpecification\",\"valueRequired\":true,\"valueName\":\"search_term_string\"}}],\"inLanguage\":\"de-DE\"}]}<\/script>\n<!-- \/ Yoast SEO plugin. -->","yoast_head_json":{"title":"Rechtliche Hinweise - Habitation Desrosiers","description":"Rechtsform: SAS HDM Hauptsitz: 17, rue du Dauphin, Anse \u00e0 l\u2019Ane, 97229 Les Trois Ilets, Martinique Telefon: 0596683387 Gesellschaftskapital: 10.000 Euro","robots":{"index":"index","follow":"follow","max-snippet":"max-snippet:-1","max-image-preview":"max-image-preview:large","max-video-preview":"max-video-preview:-1"},"canonical":"https:\/\/www.habitationdesrosiers.com\/de\/rechtliche-hinweise\/","og_locale":"de_DE","og_type":"article","og_title":"Rechtliche Hinweise - Habitation Desrosiers","og_description":"Rechtsform: SAS HDM Hauptsitz: 17, rue du Dauphin, Anse \u00e0 l\u2019Ane, 97229 Les Trois Ilets, Martinique Telefon: 0596683387 Gesellschaftskapital: 10.000 Euro","og_url":"https:\/\/www.habitationdesrosiers.com\/de\/rechtliche-hinweise\/","og_site_name":"Habitation Desrosiers","article_modified_time":"2024-09-10T08:56:20+00:00","twitter_card":"summary_large_image","twitter_misc":{"Gesch\u00e4tzte Lesezeit":"4 Minuten"},"schema":{"@context":"https:\/\/schema.org","@graph":[{"@type":"WebPage","@id":"https:\/\/www.habitationdesrosiers.com\/de\/rechtliche-hinweise\/","url":"https:\/\/www.habitationdesrosiers.com\/de\/rechtliche-hinweise\/","name":"Rechtliche Hinweise - Habitation Desrosiers","isPartOf":{"@id":"https:\/\/www.habitationdesrosiers.com\/de\/#website"},"datePublished":"2023-01-06T13:08:25+00:00","dateModified":"2024-09-10T08:56:20+00:00","description":"Rechtsform: SAS HDM Hauptsitz: 17, rue du Dauphin, Anse \u00e0 l\u2019Ane, 97229 Les Trois Ilets, Martinique Telefon: 0596683387 Gesellschaftskapital: 10.000 Euro","breadcrumb":{"@id":"https:\/\/www.habitationdesrosiers.com\/de\/rechtliche-hinweise\/#breadcrumb"},"inLanguage":"de-DE","potentialAction":[{"@type":"ReadAction","target":["https:\/\/www.habitationdesrosiers.com\/de\/rechtliche-hinweise\/"]}]},{"@type":"BreadcrumbList","@id":"https:\/\/www.habitationdesrosiers.com\/de\/rechtliche-hinweise\/#breadcrumb","itemListElement":[{"@type":"ListItem","position":1,"name":"Accueil","item":"https:\/\/www.habitationdesrosiers.com\/de\/"},{"@type":"ListItem","position":2,"name":"Rechtliche Hinweise"}]},{"@type":"WebSite","@id":"https:\/\/www.habitationdesrosiers.com\/de\/#website","url":"https:\/\/www.habitationdesrosiers.com\/de\/","name":"Habitation Desrosiers","description":"","potentialAction":[{"@type":"SearchAction","target":{"@type":"EntryPoint","urlTemplate":"https:\/\/www.habitationdesrosiers.com\/de\/?s={search_term_string}"},"query-input":{"@type":"PropertyValueSpecification","valueRequired":true,"valueName":"search_term_string"}}],"inLanguage":"de-DE"}]}},"acf":[],"_links":{"self":[{"href":"https:\/\/www.habitationdesrosiers.com\/de\/wp-json\/wp\/v2\/pages\/209","targetHints":{"allow":["GET"]}}],"collection":[{"href":"https:\/\/www.habitationdesrosiers.com\/de\/wp-json\/wp\/v2\/pages"}],"about":[{"href":"https:\/\/www.habitationdesrosiers.com\/de\/wp-json\/wp\/v2\/types\/page"}],"author":[{"embeddable":true,"href":"https:\/\/www.habitationdesrosiers.com\/de\/wp-json\/wp\/v2\/users\/531"}],"replies":[{"embeddable":true,"href":"https:\/\/www.habitationdesrosiers.com\/de\/wp-json\/wp\/v2\/comments?post=209"}],"version-history":[{"count":0,"href":"https:\/\/www.habitationdesrosiers.com\/de\/wp-json\/wp\/v2\/pages\/209\/revisions"}],"wp:attachment":[{"href":"https:\/\/www.habitationdesrosiers.com\/de\/wp-json\/wp\/v2\/media?parent=209"}],"curies":[{"name":"wp","href":"https:\/\/api.w.org\/{rel}","templated":true}]}}