{"id":258,"date":"2023-12-21T14:11:55","date_gmt":"2023-12-21T13:11:55","guid":{"rendered":"https:\/\/habitationdesrosiers.ms.decms.eu\/verbundene-unterkuenfte\/villa-campeche-2-rooms\/"},"modified":"2024-09-10T13:50:39","modified_gmt":"2024-09-10T11:50:39","slug":"villa-campeche-2-zimmer","status":"publish","type":"page","link":"https:\/\/www.habitationdesrosiers.com\/de\/verbundene-unterkuenfte\/villa-campeche-2-zimmer\/","title":{"rendered":"Villa CAMPECHE \u2013 2 Zimmer"},"content":{"rendered":"<p style=\"text-align: left;\">Dieses Apartment verf\u00fcgt \u00fcber eine gro\u00dfe Terrasse, ein gro\u00dfes klimatisiertes Wohnzimmer, eine neu renovierte K\u00fcche, ein Badezimmer mit Dusche und ein klimatisiertes Schlafzimmer.<\/p>\n<p style=\"text-align: left;\">In reiner lokaler Tradition eingerichtet und dekoriert, mit sch\u00f6nen kreolischen M\u00f6beln aus Mahagoni.<\/p>\n<p style=\"text-align: left;\">Dieses Apartment bietet Platz f\u00fcr bis zu 4 Personen (zwei Sofas \u2013 Einzelbett im Wohnzimmer).<\/p>\n","protected":false},"excerpt":{"rendered":"<p>Dieses Apartment verf\u00fcgt \u00fcber eine gro\u00dfe Terrasse, ein gro\u00dfes klimatisiertes Wohnzimmer, eine neu renovierte K\u00fcche, ein Badezimmer mit Dusche und ein klimatisiertes Schlafzimmer. In reiner lokaler Tradition eingerichtet und dekoriert, mit sch\u00f6nen kreolischen M\u00f6beln aus Mahagoni. Dieses Apartment bietet Platz f\u00fcr bis zu 4 Personen (zwei Sofas \u2013 Einzelbett im Wohnzimmer).<\/p>\n","protected":false},"author":531,"featured_media":0,"parent":242,"menu_order":0,"comment_status":"closed","ping_status":"closed","template":"template-single-room.php","meta":{"footnotes":""},"class_list":["post-258","page","type-page","status-publish","hentry"],"yoast_head":"<!-- This site is optimized with the Yoast SEO plugin v26.9 - https:\/\/yoast.com\/product\/yoast-seo-wordpress\/ -->\n<title>Villa CAMPECHE \u2013 2 Zimmer - Habitation Desrosiers<\/title>\n<meta name=\"description\" content=\"Dieses Apartment verf\u00fcgt \u00fcber eine gro\u00dfe Terrasse, ein gro\u00dfes klimatisiertes Wohnzimmer, eine neu renovierte K\u00fcche, ein Badezimmer mit Dusche und ein\" \/>\n<meta name=\"robots\" content=\"index, follow, max-snippet:-1, max-image-preview:large, max-video-preview:-1\" \/>\n<link rel=\"canonical\" href=\"https:\/\/www.habitationdesrosiers.com\/de\/verbundene-unterkuenfte\/villa-campeche-2-zimmer\/\" \/>\n<meta property=\"og:locale\" content=\"de_DE\" \/>\n<meta property=\"og:type\" content=\"article\" \/>\n<meta property=\"og:title\" content=\"Villa CAMPECHE \u2013 2 Zimmer - Habitation Desrosiers\" \/>\n<meta property=\"og:description\" content=\"Dieses Apartment verf\u00fcgt \u00fcber eine gro\u00dfe Terrasse, ein gro\u00dfes klimatisiertes Wohnzimmer, eine neu renovierte K\u00fcche, ein Badezimmer mit Dusche und ein\" \/>\n<meta property=\"og:url\" content=\"https:\/\/www.habitationdesrosiers.com\/de\/verbundene-unterkuenfte\/villa-campeche-2-zimmer\/\" \/>\n<meta property=\"og:site_name\" content=\"Habitation Desrosiers\" \/>\n<meta property=\"article:modified_time\" content=\"2024-09-10T11:50:39+00:00\" \/>\n<meta name=\"twitter:card\" content=\"summary_large_image\" \/>\n<meta name=\"twitter:label1\" content=\"Gesch\u00e4tzte Lesezeit\" \/>\n\t<meta name=\"twitter:data1\" content=\"1 Minute\" \/>\n<script type=\"application\/ld+json\" class=\"yoast-schema-graph\">{\"@context\":\"https:\/\/schema.org\",\"@graph\":[{\"@type\":\"WebPage\",\"@id\":\"https:\/\/www.habitationdesrosiers.com\/de\/verbundene-unterkuenfte\/villa-campeche-2-zimmer\/\",\"url\":\"https:\/\/www.habitationdesrosiers.com\/de\/verbundene-unterkuenfte\/villa-campeche-2-zimmer\/\",\"name\":\"Villa CAMPECHE \u2013 2 Zimmer - Habitation Desrosiers\",\"isPartOf\":{\"@id\":\"https:\/\/www.habitationdesrosiers.com\/de\/#website\"},\"datePublished\":\"2023-12-21T13:11:55+00:00\",\"dateModified\":\"2024-09-10T11:50:39+00:00\",\"description\":\"Dieses Apartment verf\u00fcgt \u00fcber eine gro\u00dfe Terrasse, ein gro\u00dfes klimatisiertes Wohnzimmer, eine neu renovierte K\u00fcche, ein Badezimmer mit Dusche und ein\",\"breadcrumb\":{\"@id\":\"https:\/\/www.habitationdesrosiers.com\/de\/verbundene-unterkuenfte\/villa-campeche-2-zimmer\/#breadcrumb\"},\"inLanguage\":\"de-DE\",\"potentialAction\":[{\"@type\":\"ReadAction\",\"target\":[\"https:\/\/www.habitationdesrosiers.com\/de\/verbundene-unterkuenfte\/villa-campeche-2-zimmer\/\"]}]},{\"@type\":\"BreadcrumbList\",\"@id\":\"https:\/\/www.habitationdesrosiers.com\/de\/verbundene-unterkuenfte\/villa-campeche-2-zimmer\/#breadcrumb\",\"itemListElement\":[{\"@type\":\"ListItem\",\"position\":1,\"name\":\"Accueil\",\"item\":\"https:\/\/www.habitationdesrosiers.com\/de\/\"},{\"@type\":\"ListItem\",\"position\":2,\"name\":\"Verbundene Unterk\u00fcnfte\",\"item\":\"http:\/\/www.habitationdesrosiers.com\/de\/verbundene-unterkuenfte\/\"},{\"@type\":\"ListItem\",\"position\":3,\"name\":\"Villa CAMPECHE \u2013 2 Zimmer\"}]},{\"@type\":\"WebSite\",\"@id\":\"https:\/\/www.habitationdesrosiers.com\/de\/#website\",\"url\":\"https:\/\/www.habitationdesrosiers.com\/de\/\",\"name\":\"Habitation Desrosiers\",\"description\":\"\",\"potentialAction\":[{\"@type\":\"SearchAction\",\"target\":{\"@type\":\"EntryPoint\",\"urlTemplate\":\"https:\/\/www.habitationdesrosiers.com\/de\/?s={search_term_string}\"},\"query-input\":{\"@type\":\"PropertyValueSpecification\",\"valueRequired\":true,\"valueName\":\"search_term_string\"}}],\"inLanguage\":\"de-DE\"}]}<\/script>\n<!-- \/ Yoast SEO plugin. -->","yoast_head_json":{"title":"Villa CAMPECHE \u2013 2 Zimmer - Habitation Desrosiers","description":"Dieses Apartment verf\u00fcgt \u00fcber eine gro\u00dfe Terrasse, ein gro\u00dfes klimatisiertes Wohnzimmer, eine neu renovierte K\u00fcche, ein Badezimmer mit Dusche und ein","robots":{"index":"index","follow":"follow","max-snippet":"max-snippet:-1","max-image-preview":"max-image-preview:large","max-video-preview":"max-video-preview:-1"},"canonical":"https:\/\/www.habitationdesrosiers.com\/de\/verbundene-unterkuenfte\/villa-campeche-2-zimmer\/","og_locale":"de_DE","og_type":"article","og_title":"Villa CAMPECHE \u2013 2 Zimmer - Habitation Desrosiers","og_description":"Dieses Apartment verf\u00fcgt \u00fcber eine gro\u00dfe Terrasse, ein gro\u00dfes klimatisiertes Wohnzimmer, eine neu renovierte K\u00fcche, ein Badezimmer mit Dusche und ein","og_url":"https:\/\/www.habitationdesrosiers.com\/de\/verbundene-unterkuenfte\/villa-campeche-2-zimmer\/","og_site_name":"Habitation Desrosiers","article_modified_time":"2024-09-10T11:50:39+00:00","twitter_card":"summary_large_image","twitter_misc":{"Gesch\u00e4tzte Lesezeit":"1 Minute"},"schema":{"@context":"https:\/\/schema.org","@graph":[{"@type":"WebPage","@id":"https:\/\/www.habitationdesrosiers.com\/de\/verbundene-unterkuenfte\/villa-campeche-2-zimmer\/","url":"https:\/\/www.habitationdesrosiers.com\/de\/verbundene-unterkuenfte\/villa-campeche-2-zimmer\/","name":"Villa CAMPECHE \u2013 2 Zimmer - Habitation Desrosiers","isPartOf":{"@id":"https:\/\/www.habitationdesrosiers.com\/de\/#website"},"datePublished":"2023-12-21T13:11:55+00:00","dateModified":"2024-09-10T11:50:39+00:00","description":"Dieses Apartment verf\u00fcgt \u00fcber eine gro\u00dfe Terrasse, ein gro\u00dfes klimatisiertes Wohnzimmer, eine neu renovierte K\u00fcche, ein Badezimmer mit Dusche und ein","breadcrumb":{"@id":"https:\/\/www.habitationdesrosiers.com\/de\/verbundene-unterkuenfte\/villa-campeche-2-zimmer\/#breadcrumb"},"inLanguage":"de-DE","potentialAction":[{"@type":"ReadAction","target":["https:\/\/www.habitationdesrosiers.com\/de\/verbundene-unterkuenfte\/villa-campeche-2-zimmer\/"]}]},{"@type":"BreadcrumbList","@id":"https:\/\/www.habitationdesrosiers.com\/de\/verbundene-unterkuenfte\/villa-campeche-2-zimmer\/#breadcrumb","itemListElement":[{"@type":"ListItem","position":1,"name":"Accueil","item":"https:\/\/www.habitationdesrosiers.com\/de\/"},{"@type":"ListItem","position":2,"name":"Verbundene Unterk\u00fcnfte","item":"http:\/\/www.habitationdesrosiers.com\/de\/verbundene-unterkuenfte\/"},{"@type":"ListItem","position":3,"name":"Villa CAMPECHE \u2013 2 Zimmer"}]},{"@type":"WebSite","@id":"https:\/\/www.habitationdesrosiers.com\/de\/#website","url":"https:\/\/www.habitationdesrosiers.com\/de\/","name":"Habitation Desrosiers","description":"","potentialAction":[{"@type":"SearchAction","target":{"@type":"EntryPoint","urlTemplate":"https:\/\/www.habitationdesrosiers.com\/de\/?s={search_term_string}"},"query-input":{"@type":"PropertyValueSpecification","valueRequired":true,"valueName":"search_term_string"}}],"inLanguage":"de-DE"}]}},"acf":[],"_links":{"self":[{"href":"https:\/\/www.habitationdesrosiers.com\/de\/wp-json\/wp\/v2\/pages\/258","targetHints":{"allow":["GET"]}}],"collection":[{"href":"https:\/\/www.habitationdesrosiers.com\/de\/wp-json\/wp\/v2\/pages"}],"about":[{"href":"https:\/\/www.habitationdesrosiers.com\/de\/wp-json\/wp\/v2\/types\/page"}],"author":[{"embeddable":true,"href":"https:\/\/www.habitationdesrosiers.com\/de\/wp-json\/wp\/v2\/users\/531"}],"replies":[{"embeddable":true,"href":"https:\/\/www.habitationdesrosiers.com\/de\/wp-json\/wp\/v2\/comments?post=258"}],"version-history":[{"count":0,"href":"https:\/\/www.habitationdesrosiers.com\/de\/wp-json\/wp\/v2\/pages\/258\/revisions"}],"up":[{"embeddable":true,"href":"https:\/\/www.habitationdesrosiers.com\/de\/wp-json\/wp\/v2\/pages\/242"}],"wp:attachment":[{"href":"https:\/\/www.habitationdesrosiers.com\/de\/wp-json\/wp\/v2\/media?parent=258"}],"curies":[{"name":"wp","href":"https:\/\/api.w.org\/{rel}","templated":true}]}}