{"id":210,"date":"2023-01-06T14:08:25","date_gmt":"2023-01-06T13:08:25","guid":{"rendered":"https:\/\/habitationdesrosiers.ms.decms.eu\/rechtliche-hinweise\/"},"modified":"2024-09-10T10:57:19","modified_gmt":"2024-09-10T08:57:19","slug":"note-legali","status":"publish","type":"page","link":"https:\/\/www.habitationdesrosiers.com\/it\/note-legali\/","title":{"rendered":"Note legali"},"content":{"rendered":"<p><strong>Stato: SAS HDM<\/strong><br \/>\nSede legale: 17, rue du Dauphin, Anse \u00e0 l\u2019\u00c2ne, 97229 Les Trois-\u00celets, Martinica<br \/>\nTelefono: 0596683387<br \/>\nCapitale sociale: 10.000 euro<br \/>\nSIRET: 850 539 859 00015<br \/>\nPresidente menzionato sul Registro delle Imprese: Cyril MARTIN<br \/>\nDirettore della pubblicazione: Cyril MARTIN<\/p>\n<p><strong>CREAZIONE DEL SITO: D-EDGE<\/strong><br \/>\nTelefono: +33 (0)1 87 21 39 40<br \/>\nIndirizzo: 64-66 Rue des Archives, 75003 Paris<br \/>\nRCS: PARIS 431 513 852<br \/>\nCapitale: 41.086.597,58\u20ac<\/p>\n<p>Il Sito \u00e8 ospitato dalla societ\u00e0 D-EDGE, 64-66 rue des Archives, 75003 PARIGI; numero di telefono: +33 (0)1 87 21 39 40.<br \/>\nL&#8217;accesso al Sito e l&#8217;utilizzo dei suoi contenuti sono soggetti alle condizioni di utilizzo descritte di seguito.<br \/>\nL&#8217;accesso e la navigazione nel Sito costituiscono l&#8217;accettazione senza riserve da parte dell&#8217;utente delle seguenti informazioni:<\/p>\n<p><strong>PROPRIET\u00c0 INTELLETTUALE<\/strong><br \/>\nIl Sito nel suo complesso, cos\u00ec come ciascuno dei suoi componenti (in particolare, testi, diagrammi, strutture ad albero, software, animazioni, immagini, fotografie, illustrazioni, video, rappresentazioni grafiche o editoriali, loghi, ecc.) costituiscono opere intellettuali protette dal Codice francese della propriet\u00e0 intellettuale e da qualsiasi altra legislazione internazionale applicabile.<br \/>\nHDM \u00e8 la sola autorizzata (direttamente o tramite licenze o autorizzazioni) a utilizzare gli elementi che compongono il Sito, i nomi di dominio, i marchi, i modelli, ecc. nonch\u00e9 le immagini e i contenuti editoriali ivi riprodotti.<br \/>\n\u00c8 severamente vietato l&#8217;utilizzo di tutto o parte del Sito, in particolare tramite download, riproduzione, trasmissione, rappresentazione o diffusione per scopi diversi dalla consultazione e dall&#8217;utilizzo del Sito su base personale e privata da parte dell&#8217;utente per scopi non commerciali. La violazione di queste disposizioni espone il suo autore alle sanzioni previste sia dal Codice della propriet\u00e0 intellettuale, in particolare per la violazione dei diritti d&#8217;autore e dei marchi, sia dal Codice civile in termini di responsabilit\u00e0 civile.<br \/>\n\u00c8 vietata la creazione di qualsiasi collegamento ipertestuale a una qualsiasi delle pagine web o degli elementi che compongono il Sito senza la preventiva autorizzazione scritta di HDM, autorizzazione che pu\u00f2 essere revocata in qualsiasi momento. Qualsiasi contenuto, sito internet o altro sito con un collegamento ipertestuale al Sito o a uno qualsiasi degli elementi che lo compongono non sono sotto il controllo di HDM, che pertanto declina ogni responsabilit\u00e0 (in particolare editoriale) in merito all&#8217;accesso a tali siti e al loro contenuto.<\/p>\n<p><strong>DISPONIBILIT\u00c0 DEL SITO<\/strong><br \/>\nHDM fa il possibile per mantenere il sito web costantemente accessibile, ma non ha alcun obbligo in tal senso. HDM pu\u00f2 quindi interrompere l&#8217;accesso al Sito, in particolare per motivi di manutenzione o aggiornamento, o per qualsiasi altro motivo, in particolare tecnico o editoriale, senza preavviso o informazione agli utenti, e HDM non pu\u00f2 essere ritenuta responsabile delle conseguenze di tali interruzioni, n\u00e9 per gli utenti n\u00e9 per terzi.<br \/>\nInoltre, HDM non potr\u00e0 essere ritenuta responsabile nel caso in cui gli utenti Internet non siano in grado di accedere a tutto o a parte del Sito a causa di qualsiasi guasto o problema tecnico, in particolare e non esclusivamente legato a:<br \/>\n\u2022 guasto e\/o congestione della rete Internet;<br \/>\n\u2022 guasto dei fornitori di servizi Internet;<br \/>\n\u2022 errore umano o di origine elettrica;<br \/>\n\u2022 qualsiasi intervento doloso;<br \/>\n\u2022 qualsiasi malfunzionamento del software o dell&#8217;hardware;<br \/>\n\u2022 cause di forza maggiore.<\/p>\n<p><strong>RESPONSABILIT\u00c0<\/strong><br \/>\nHDM si adopera per garantire, al meglio delle proprie possibilit\u00e0, che le informazioni pubblicate sul Sito siano accurate e aggiornate e si riserva il diritto di modificare il contenuto del Sito in qualsiasi momento e senza preavviso.<br \/>\nTuttavia, HDM non pu\u00f2 garantire l&#8217;accuratezza, la precisione o la completezza delle informazioni rese disponibili sul Sito, che non costituiscono una garanzia o un impegno da parte di HDM nei confronti dell&#8217;utente. In particolare, quest&#8217;ultima non potr\u00e0 essere ritenuta responsabile:<br \/>\n\u2022 per qualsiasi imprecisione, inesattezza o omissione di tali informazioni;<br \/>\n\u2022 per qualsiasi eventuale danno derivante da un&#8217;intrusione informatica da parte di terzi che abbia comportato una modifica delle suddette informazioni;<br \/>\n\u2022 e, pi\u00f9 in generale, per qualsiasi danno, diretto o indiretto, qualunque sia la causa, l&#8217;origine, la natura o le conseguenze, legato all&#8217;accesso (o all&#8217;impossibilit\u00e0 di accedere al Sito), al contenuto, all&#8217;utilizzo del Sito e\/o al credito dato a qualsiasi informazione proveniente da quest&#8217;ultimo.<\/p>\n<p><strong>COOKIE<\/strong><br \/>\nUn cookie \u00e8 un file di dati collocato sul tuo computer o su un altro dispositivo quando lo utilizzi per visitare il Sito. HDM utilizza i cookie per consentirti di condividere i contenuti sui social network, per offrirti pubblicit\u00e0 in base ai tuoi gusti e per sapere quali pagine del Sito sono state visitate e con quale frequenza, al fine di renderlo pi\u00f9 facile da usare e di offrirti servizi su misura e personalizzati la prossima volta che visiterai il Sito.<br \/>\nPer disattivare i cookie, fare clic sulla scheda &#8220;&#8221;Aiuto&#8221;&#8221; del browser o leggere le informazioni fornite con il software del browser.<br \/>\nHDM utilizza il software Google Analytics esclusivamente a fini statistici e di utilizzo interno dei dati. L&#8217;utente pu\u00f2 richiedere in qualsiasi momento la rimozione delle informazioni che lo riguardano contattando HDM con qualsiasi mezzo appropriato.<\/p>\n","protected":false},"excerpt":{"rendered":"<p>Stato: SAS HDM Sede legale: 17, rue du Dauphin, Anse \u00e0 l\u2019\u00c2ne, 97229 Les Trois-\u00celets, Martinica Telefono: 0596683387 Capitale sociale: 10.000 euro SIRET: 850 539 859 00015 Presidente menzionato sul Registro delle Imprese: Cyril MARTIN Direttore della pubblicazione: Cyril MARTIN CREAZIONE DEL SITO: D-EDGE Telefono: +33 (0)1 87 21 39 40 Indirizzo: 64-66 Rue des [&hellip;]<\/p>\n","protected":false},"author":531,"featured_media":0,"parent":0,"menu_order":0,"comment_status":"closed","ping_status":"closed","template":"","meta":{"footnotes":""},"class_list":["post-210","page","type-page","status-publish","hentry"],"yoast_head":"<!-- This site is optimized with the Yoast SEO plugin v26.9 - https:\/\/yoast.com\/product\/yoast-seo-wordpress\/ -->\n<title>Note legali - Habitation Desrosiers<\/title>\n<meta name=\"description\" content=\"Stato: SAS HDM Sede legale: 17, rue du Dauphin, Anse \u00e0 l\u2019\u00c2ne, 97229 Les Trois-\u00celets, Martinica Telefono: 0596683387 Capitale sociale: 10.000 euro SIRET:\" \/>\n<meta name=\"robots\" content=\"index, follow, max-snippet:-1, max-image-preview:large, max-video-preview:-1\" \/>\n<link rel=\"canonical\" href=\"https:\/\/www.habitationdesrosiers.com\/it\/note-legali\/\" \/>\n<meta property=\"og:locale\" content=\"it_IT\" \/>\n<meta property=\"og:type\" content=\"article\" \/>\n<meta property=\"og:title\" content=\"Note legali - Habitation Desrosiers\" \/>\n<meta property=\"og:description\" content=\"Stato: SAS HDM Sede legale: 17, rue du Dauphin, Anse \u00e0 l\u2019\u00c2ne, 97229 Les Trois-\u00celets, Martinica Telefono: 0596683387 Capitale sociale: 10.000 euro SIRET:\" \/>\n<meta property=\"og:url\" content=\"https:\/\/www.habitationdesrosiers.com\/it\/note-legali\/\" \/>\n<meta property=\"og:site_name\" content=\"Habitation Desrosiers\" \/>\n<meta property=\"article:modified_time\" content=\"2024-09-10T08:57:19+00:00\" \/>\n<meta name=\"twitter:card\" content=\"summary_large_image\" \/>\n<meta name=\"twitter:label1\" content=\"Tempo di lettura stimato\" \/>\n\t<meta name=\"twitter:data1\" content=\"5 minuti\" \/>\n<script type=\"application\/ld+json\" class=\"yoast-schema-graph\">{\"@context\":\"https:\/\/schema.org\",\"@graph\":[{\"@type\":\"WebPage\",\"@id\":\"https:\/\/www.habitationdesrosiers.com\/it\/note-legali\/\",\"url\":\"https:\/\/www.habitationdesrosiers.com\/it\/note-legali\/\",\"name\":\"Note legali - Habitation Desrosiers\",\"isPartOf\":{\"@id\":\"https:\/\/www.habitationdesrosiers.com\/it\/#website\"},\"datePublished\":\"2023-01-06T13:08:25+00:00\",\"dateModified\":\"2024-09-10T08:57:19+00:00\",\"description\":\"Stato: SAS HDM Sede legale: 17, rue du Dauphin, Anse \u00e0 l\u2019\u00c2ne, 97229 Les Trois-\u00celets, Martinica Telefono: 0596683387 Capitale sociale: 10.000 euro SIRET:\",\"breadcrumb\":{\"@id\":\"https:\/\/www.habitationdesrosiers.com\/it\/note-legali\/#breadcrumb\"},\"inLanguage\":\"it-IT\",\"potentialAction\":[{\"@type\":\"ReadAction\",\"target\":[\"https:\/\/www.habitationdesrosiers.com\/it\/note-legali\/\"]}]},{\"@type\":\"BreadcrumbList\",\"@id\":\"https:\/\/www.habitationdesrosiers.com\/it\/note-legali\/#breadcrumb\",\"itemListElement\":[{\"@type\":\"ListItem\",\"position\":1,\"name\":\"Accueil\",\"item\":\"http:\/\/www.habitationdesrosiers.com\/it\/\"},{\"@type\":\"ListItem\",\"position\":2,\"name\":\"Note legali\"}]},{\"@type\":\"WebSite\",\"@id\":\"https:\/\/www.habitationdesrosiers.com\/it\/#website\",\"url\":\"https:\/\/www.habitationdesrosiers.com\/it\/\",\"name\":\"Habitation Desrosiers\",\"description\":\"\",\"potentialAction\":[{\"@type\":\"SearchAction\",\"target\":{\"@type\":\"EntryPoint\",\"urlTemplate\":\"https:\/\/www.habitationdesrosiers.com\/it\/?s={search_term_string}\"},\"query-input\":{\"@type\":\"PropertyValueSpecification\",\"valueRequired\":true,\"valueName\":\"search_term_string\"}}],\"inLanguage\":\"it-IT\"}]}<\/script>\n<!-- \/ Yoast SEO plugin. -->","yoast_head_json":{"title":"Note legali - Habitation Desrosiers","description":"Stato: SAS HDM Sede legale: 17, rue du Dauphin, Anse \u00e0 l\u2019\u00c2ne, 97229 Les Trois-\u00celets, Martinica Telefono: 0596683387 Capitale sociale: 10.000 euro SIRET:","robots":{"index":"index","follow":"follow","max-snippet":"max-snippet:-1","max-image-preview":"max-image-preview:large","max-video-preview":"max-video-preview:-1"},"canonical":"https:\/\/www.habitationdesrosiers.com\/it\/note-legali\/","og_locale":"it_IT","og_type":"article","og_title":"Note legali - Habitation Desrosiers","og_description":"Stato: SAS HDM Sede legale: 17, rue du Dauphin, Anse \u00e0 l\u2019\u00c2ne, 97229 Les Trois-\u00celets, Martinica Telefono: 0596683387 Capitale sociale: 10.000 euro SIRET:","og_url":"https:\/\/www.habitationdesrosiers.com\/it\/note-legali\/","og_site_name":"Habitation Desrosiers","article_modified_time":"2024-09-10T08:57:19+00:00","twitter_card":"summary_large_image","twitter_misc":{"Tempo di lettura stimato":"5 minuti"},"schema":{"@context":"https:\/\/schema.org","@graph":[{"@type":"WebPage","@id":"https:\/\/www.habitationdesrosiers.com\/it\/note-legali\/","url":"https:\/\/www.habitationdesrosiers.com\/it\/note-legali\/","name":"Note legali - Habitation Desrosiers","isPartOf":{"@id":"https:\/\/www.habitationdesrosiers.com\/it\/#website"},"datePublished":"2023-01-06T13:08:25+00:00","dateModified":"2024-09-10T08:57:19+00:00","description":"Stato: SAS HDM Sede legale: 17, rue du Dauphin, Anse \u00e0 l\u2019\u00c2ne, 97229 Les Trois-\u00celets, Martinica Telefono: 0596683387 Capitale sociale: 10.000 euro SIRET:","breadcrumb":{"@id":"https:\/\/www.habitationdesrosiers.com\/it\/note-legali\/#breadcrumb"},"inLanguage":"it-IT","potentialAction":[{"@type":"ReadAction","target":["https:\/\/www.habitationdesrosiers.com\/it\/note-legali\/"]}]},{"@type":"BreadcrumbList","@id":"https:\/\/www.habitationdesrosiers.com\/it\/note-legali\/#breadcrumb","itemListElement":[{"@type":"ListItem","position":1,"name":"Accueil","item":"http:\/\/www.habitationdesrosiers.com\/it\/"},{"@type":"ListItem","position":2,"name":"Note legali"}]},{"@type":"WebSite","@id":"https:\/\/www.habitationdesrosiers.com\/it\/#website","url":"https:\/\/www.habitationdesrosiers.com\/it\/","name":"Habitation Desrosiers","description":"","potentialAction":[{"@type":"SearchAction","target":{"@type":"EntryPoint","urlTemplate":"https:\/\/www.habitationdesrosiers.com\/it\/?s={search_term_string}"},"query-input":{"@type":"PropertyValueSpecification","valueRequired":true,"valueName":"search_term_string"}}],"inLanguage":"it-IT"}]}},"acf":[],"_links":{"self":[{"href":"https:\/\/www.habitationdesrosiers.com\/it\/wp-json\/wp\/v2\/pages\/210","targetHints":{"allow":["GET"]}}],"collection":[{"href":"https:\/\/www.habitationdesrosiers.com\/it\/wp-json\/wp\/v2\/pages"}],"about":[{"href":"https:\/\/www.habitationdesrosiers.com\/it\/wp-json\/wp\/v2\/types\/page"}],"author":[{"embeddable":true,"href":"https:\/\/www.habitationdesrosiers.com\/it\/wp-json\/wp\/v2\/users\/531"}],"replies":[{"embeddable":true,"href":"https:\/\/www.habitationdesrosiers.com\/it\/wp-json\/wp\/v2\/comments?post=210"}],"version-history":[{"count":0,"href":"https:\/\/www.habitationdesrosiers.com\/it\/wp-json\/wp\/v2\/pages\/210\/revisions"}],"wp:attachment":[{"href":"https:\/\/www.habitationdesrosiers.com\/it\/wp-json\/wp\/v2\/media?parent=210"}],"curies":[{"name":"wp","href":"https:\/\/api.w.org\/{rel}","templated":true}]}}